{"id":375,"date":"2010-01-14T09:19:14","date_gmt":"2010-01-14T15:19:14","guid":{"rendered":"http:\/\/www.studiopress.com\/demo\/genesis\/?page_id=375"},"modified":"2013-12-16T11:16:39","modified_gmt":"2013-12-16T12:16:39","slug":"layouts","status":"publish","type":"page","link":"https:\/\/www.dsdf.net\/?page_id=375","title":{"rendered":"Bestuur"},"content":{"rendered":"<p><a href=\"http:\/\/www.dsdf.net\/wp-content\/uploads\/2010\/01\/foto-1.jpg\"><img loading=\"lazy\" decoding=\"async\" class=\"alignnone size-full wp-image-655\" alt=\"foto 1\" src=\"http:\/\/www.dsdf.net\/wp-content\/uploads\/2010\/01\/foto-1.jpg\" width=\"630\" height=\"473\" srcset=\"https:\/\/www.dsdf.net\/wp-content\/uploads\/2010\/01\/foto-1.jpg 630w, https:\/\/www.dsdf.net\/wp-content\/uploads\/2010\/01\/foto-1-300x225.jpg 300w\" sizes=\"auto, (max-width: 630px) 100vw, 630px\" \/><\/a><\/p>\n<p>Demokratik Sosyal Dernekler Fedesayonu ge\u00e7ti\u011fimiz g\u00fcnlerde Amsterdam&#8217;da Hollanda T\u00fcrk Demokratlar Birli\u011finin binasinda Genel Kurul Toplant\u0131s\u0131 yaparak Y\u00f6netim g\u00fcven tazelemistir.<\/p>\n<p>Eski Genel Ba\u015fkan\u0131m\u0131z Zeki Baran \u00f6zel nedenlerden dolay\u0131 genel ba\u015fkanl\u0131ktan ge\u00e7ti\u011fimiz Temmuzda g\u00f6revi Nevzat Cing\u00f6z&#8217;e b\u0131rakm\u0131\u015ft\u0131.<\/p>\n<p>Genel kurul s\u0131ras\u0131nda eski genel ba\u015fkan\u0131m\u0131z \u00e7ok geni\u015f bir \u015fekilde Faaliyet raporu ve Mali raporu a\u00e7\u0131klayarak genel kurulumuzu bilgilendirmi\u015ftir. Hem faaliyet raporu hem de mali rapor genel kurul taraf\u0131ndan oy birli\u011fi ile onaylanm\u0131\u015ft\u0131r.<\/p>\n<p>Faaliyet raporunda Hollanda T\u00fcrk tpolumunun sorunlar\u0131n\u0131n \u00e7\u00f6z\u00fcm\u00fcne yapi\u0131an katk\u0131lar s\u0131ralanm\u0131\u015ft\u0131r. Askerlikten, pasport har\u00e7lar\u0131na, Aile i\u00e7i siddetten \u00e7ocuk esirgeme kurumlar\u0131n\u0131n i\u015fleyi\u015fine kadar bir dizi projenin hayata ge\u00e7mesine katk\u0131da bulunuldu\u011fu verilerler ile ortaya konmu\u015ftur.<\/p>\n<p>Zeki Baran konu\u015fmas\u0131nda DSDF de 3 y\u0131ll\u0131k genel ba\u015fkanl\u0131k hizmetini gururla yerine getirmeye \u00e7al\u0131\u015ft\u0131\u011f\u0131n\u0131 ve t\u00fcm \u00e7al\u0131\u015fma arkada\u015flar\u0131na ve derneklerin y\u00f6netimlerine te\u015fekk\u00fcr etmi\u015ftir.<\/p>\n<p>Yeni ba\u015fkan\u0131m\u0131zda bir te\u015fekk\u00fcr konu\u015fmas\u0131 yaparak Zeki Baran&#8217;dan ald\u0131\u011f\u0131 bayra\u011fi bir ad\u0131m ileriye g\u00f6t\u00fcrmek i\u00e7in elinden geleni yapaca\u011f\u0131n\u0131 vurgulam\u0131\u015ft\u0131r. \u0130lerki d\u00f6nemde e\u015fit hak m\u00fccadelemizi genel kurumlara (ev burolar\u0131na \u00e7ocuk esirgeme kurumlar\u0131na, siyasi partilere ve ticaret odalar\u0131na) gen\u00e7 ku\u015faktan y\u00f6netici yeti\u015ftirmek olaca\u011f\u0131n\u0131 vurgulam\u0131\u015ft\u0131r.<\/p>\n<p><strong>Yeni y\u00f6netim<\/strong><br \/>\nNevzat Cing\u00f6z \u00a0&#8211; Genel Baskan<br \/>\nFatma \u00d6zt\u00fcrk &#8211; Genel sekreter<br \/>\nVeli Togel &#8211; Genel Muhasip<br \/>\nDuygu Oztek \u00a0&#8211; Y\u00f6netici<br \/>\nAl\u0131 Tansel<br \/>\nAykut Besorak<br \/>\nOkan Ozturk<\/p>\n","protected":false},"excerpt":{"rendered":"<p>Demokratik Sosyal Dernekler Fedesayonu ge\u00e7ti\u011fimiz g\u00fcnlerde Amsterdam&#8217;da Hollanda T\u00fcrk Demokratlar Birli\u011finin binasinda Genel Kurul Toplant\u0131s\u0131 yaparak Y\u00f6netim g\u00fcven tazelemistir. Eski Genel Ba\u015fkan\u0131m\u0131z Zeki Baran \u00f6zel nedenlerden dolay\u0131 genel ba\u015fkanl\u0131ktan ge\u00e7ti\u011fimiz Temmuzda g\u00f6revi Nevzat Cing\u00f6z&#8217;e b\u0131rakm\u0131\u015ft\u0131. Genel kurul s\u0131ras\u0131nda eski genel ba\u015fkan\u0131m\u0131z \u00e7ok geni\u015f bir \u015fekilde Faaliyet raporu ve Mali raporu a\u00e7\u0131klayarak genel kurulumuzu bilgilendirmi\u015ftir. Hem [&hellip;]<\/p>\n","protected":false},"author":1,"featured_media":0,"parent":0,"menu_order":2,"comment_status":"open","ping_status":"open","template":"","meta":{"pgc_sgb_lightbox_settings":"","footnotes":""},"class_list":["post-375","page","type-page","status-publish","hentry","entry"],"_links":{"self":[{"href":"https:\/\/www.dsdf.net\/index.php?rest_route=\/wp\/v2\/pages\/375","targetHints":{"allow":["GET"]}}],"collection":[{"href":"https:\/\/www.dsdf.net\/index.php?rest_route=\/wp\/v2\/pages"}],"about":[{"href":"https:\/\/www.dsdf.net\/index.php?rest_route=\/wp\/v2\/types\/page"}],"author":[{"embeddable":true,"href":"https:\/\/www.dsdf.net\/index.php?rest_route=\/wp\/v2\/users\/1"}],"replies":[{"embeddable":true,"href":"https:\/\/www.dsdf.net\/index.php?rest_route=%2Fwp%2Fv2%2Fcomments&post=375"}],"version-history":[{"count":13,"href":"https:\/\/www.dsdf.net\/index.php?rest_route=\/wp\/v2\/pages\/375\/revisions"}],"predecessor-version":[{"id":656,"href":"https:\/\/www.dsdf.net\/index.php?rest_route=\/wp\/v2\/pages\/375\/revisions\/656"}],"wp:attachment":[{"href":"https:\/\/www.dsdf.net\/index.php?rest_route=%2Fwp%2Fv2%2Fmedia&parent=375"}],"curies":[{"name":"wp","href":"https:\/\/api.w.org\/{rel}","templated":true}]}}